{"id":720,"date":"2024-10-11T17:10:53","date_gmt":"2024-10-11T17:10:53","guid":{"rendered":"https:\/\/mariachiguzman.com\/?page_id=720"},"modified":"2024-10-11T18:41:43","modified_gmt":"2024-10-11T18:41:43","slug":"contacto","status":"publish","type":"page","link":"https:\/\/mariachiguzman.com\/en\/contacto\/","title":{"rendered":"Contact"},"content":{"rendered":"<div data-elementor-type=\"wp-page\" data-elementor-id=\"720\" class=\"elementor elementor-720\">\n\t\t\t\t<div class=\"elementor-element elementor-element-c3b5552 e-con-full e-flex e-con e-parent\" data-id=\"c3b5552\" data-element_type=\"container\" data-e-type=\"container\" data-settings=\"{&quot;background_background&quot;:&quot;classic&quot;}\">\n\t\t<div class=\"elementor-element elementor-element-6a46e3c e-flex e-con-boxed e-con e-child\" data-id=\"6a46e3c\" data-element_type=\"container\" data-e-type=\"container\">\n\t\t\t\t\t<div class=\"e-con-inner\">\n\t\t\t\t<div class=\"elementor-element elementor-element-8ca136e elementor-widget elementor-widget-heading\" data-id=\"8ca136e\" data-element_type=\"widget\" data-e-type=\"widget\" data-widget_type=\"heading.default\">\n\t\t\t\t<div class=\"elementor-widget-container\">\n\t\t\t\t\t<h1 class=\"elementor-heading-title elementor-size-default\">Contact<\/h1>\t\t\t\t<\/div>\n\t\t\t\t<\/div>\n\t\t\t\t\t<\/div>\n\t\t\t\t<\/div>\n\t\t\t\t<\/div>\n\t\t<div class=\"elementor-element elementor-element-7d5ab13 e-flex e-con-boxed e-con e-parent\" data-id=\"7d5ab13\" data-element_type=\"container\" data-e-type=\"container\">\n\t\t\t\t\t<div class=\"e-con-inner\">\n\t\t<div class=\"elementor-element elementor-element-3f9959d e-con-full e-flex e-con e-child\" data-id=\"3f9959d\" data-element_type=\"container\" data-e-type=\"container\">\n\t\t\t\t<div class=\"elementor-element elementor-element-0147a69 elementor-widget elementor-widget-text-editor\" data-id=\"0147a69\" data-element_type=\"widget\" data-e-type=\"widget\" data-widget_type=\"text-editor.default\">\n\t\t\t\t<div class=\"elementor-widget-container\">\n\t\t\t\t\t\t\t\t\t<p>We want to hear from you! If you have questions or need information about our products, contact us.<\/p><p>Phone: <span style=\"color: #ffc000;\">+1 (801) 432-0581<\/span><br \/>E-mail: <span style=\"color: #ffffff;\"><a style=\"color: #ffffff;\" href=\"mailto:mariachiguzman88@gmail.com\" target=\"_blank\" rel=\"noopener\">mariachiguzman88@gmail.com<\/a><\/span><\/p>\t\t\t\t\t\t\t\t<\/div>\n\t\t\t\t<\/div>\n\t\t\t\t<div class=\"elementor-element elementor-element-589ee33 elementor-widget elementor-widget-shortcode\" data-id=\"589ee33\" data-element_type=\"widget\" data-e-type=\"widget\" data-widget_type=\"shortcode.default\">\n\t\t\t\t<div class=\"elementor-widget-container\">\n\t\t\t\t\t\t\t<div class=\"elementor-shortcode\">\n<div class=\"wpcf7 no-js\" id=\"wpcf7-f756-o1\" lang=\"en-US\" dir=\"ltr\" data-wpcf7-id=\"756\">\n<div class=\"screen-reader-response\"><p role=\"status\" aria-live=\"polite\" aria-atomic=\"true\"><\/p> <ul><\/ul><\/div>\n<form action=\"\/en\/wp-json\/wp\/v2\/pages\/720#wpcf7-f756-o1\" method=\"post\" class=\"wpcf7-form init\" aria-label=\"Contact form\" novalidate=\"novalidate\" data-status=\"init\" data-trp-original-action=\"\/en\/wp-json\/wp\/v2\/pages\/720#wpcf7-f756-o1\">\n<div style=\"display: none;\">\n<input type=\"hidden\" name=\"_wpcf7\" value=\"756\" \/>\n<input type=\"hidden\" name=\"_wpcf7_version\" value=\"6.0.6\" \/>\n<input type=\"hidden\" name=\"_wpcf7_locale\" value=\"en_US\" \/>\n<input type=\"hidden\" name=\"_wpcf7_unit_tag\" value=\"wpcf7-f756-o1\" \/>\n<input type=\"hidden\" name=\"_wpcf7_container_post\" value=\"0\" \/>\n<input type=\"hidden\" name=\"_wpcf7_posted_data_hash\" value=\"\" \/>\n<\/div>\n<p><label> Name<br \/>\n<span class=\"wpcf7-form-control-wrap\" data-name=\"your-name\"><input size=\"40\" maxlength=\"400\" class=\"wpcf7-form-control wpcf7-text wpcf7-validates-as-required\" autocomplete=\"name\" aria-required=\"true\" aria-invalid=\"false\" placeholder=\"Please enter your name\" value=\"\" type=\"text\" name=\"your-name\" \/><\/span><br \/>\n<\/label>\n<\/p>\n<p><label> E-mail<br \/>\n<span class=\"wpcf7-form-control-wrap\" data-name=\"your-email\"><input size=\"40\" maxlength=\"400\" class=\"wpcf7-form-control wpcf7-email wpcf7-validates-as-required wpcf7-text wpcf7-validates-as-email\" autocomplete=\"email\" aria-required=\"true\" aria-invalid=\"false\" placeholder=\"Please enter your e-mail\" value=\"\" type=\"email\" name=\"your-email\" \/><\/span><br \/>\n<\/label>\n<\/p>\n<p><label> Phone<br \/>\n<span class=\"wpcf7-form-control-wrap\" data-name=\"your-phone\"><input size=\"40\" maxlength=\"400\" class=\"wpcf7-form-control wpcf7-tel wpcf7-validates-as-required wpcf7-text wpcf7-validates-as-tel\" autocomplete=\"tel\" aria-required=\"true\" aria-invalid=\"false\" placeholder=\"Please enter your phone number\" value=\"\" type=\"tel\" name=\"your-phone\" \/><\/span><br \/>\n<\/label>\n<\/p>\n<p><label> Subject<br \/>\n<span class=\"wpcf7-form-control-wrap\" data-name=\"your-subject\"><input size=\"40\" maxlength=\"400\" class=\"wpcf7-form-control wpcf7-text wpcf7-validates-as-required\" aria-required=\"true\" aria-invalid=\"false\" placeholder=\"Ingresa el asunto\" value=\"\" type=\"text\" name=\"your-subject\" \/><\/span><br \/>\n<\/label>\n<\/p>\n<p><label> Your message (optional)<br \/>\n<span class=\"wpcf7-form-control-wrap\" data-name=\"your-message\"><textarea cols=\"40\" rows=\"10\" maxlength=\"2000\" class=\"wpcf7-form-control wpcf7-textarea\" aria-invalid=\"false\" placeholder=\"Write your message here...\" name=\"your-message\"><\/textarea><\/span><br \/>\n<\/label>\n<\/p>\n<p><input class=\"wpcf7-form-control wpcf7-submit has-spinner\" type=\"submit\" value=\"Send\" \/>\n<\/p><div class=\"wpcf7-response-output\" aria-hidden=\"true\"><\/div>\n<input type=\"hidden\" name=\"trp-form-language\" value=\"en\"\/><\/form>\n<\/div>\n<\/div>\n\t\t\t\t\t\t<\/div>\n\t\t\t\t<\/div>\n\t\t\t\t<\/div>\n\t\t\t\t\t<\/div>\n\t\t\t\t<\/div>\n\t\t\t\t<\/div>","protected":false},"excerpt":{"rendered":"<p>Contacto \u00a1Queremos saber de ti! Si tienes preguntas o necesitas informaci\u00f3n sobre nuestros productos, cont\u00e1ctanos. Tel\u00e9fono: +1 (801) 432-0581Correo electr\u00f3nico: mariachiguzman88@gmail.com<\/p>","protected":false},"author":1,"featured_media":0,"parent":0,"menu_order":0,"comment_status":"closed","ping_status":"closed","template":"elementor_header_footer","meta":{"nf_dc_page":"","om_disable_all_campaigns":false,"footnotes":""},"class_list":["post-720","page","type-page","status-publish","hentry"],"yoast_head":"<!-- This site is optimized with the Yoast SEO plugin v27.3 - https:\/\/yoast.com\/product\/yoast-seo-wordpress\/ -->\n<title>Contacto - Mariachi Guzm\u00e1n | Salt Lake City Utah<\/title>\n<meta name=\"robots\" content=\"index, follow, max-snippet:-1, max-image-preview:large, max-video-preview:-1\" \/>\n<link rel=\"canonical\" href=\"https:\/\/mariachiguzman.com\/en\/contacto\/\" \/>\n<meta property=\"og:locale\" content=\"en_US\" \/>\n<meta property=\"og:type\" content=\"article\" \/>\n<meta property=\"og:title\" content=\"Contacto - Mariachi Guzm\u00e1n | Salt Lake City Utah\" \/>\n<meta property=\"og:description\" content=\"Contacto \u00a1Queremos saber de ti! Si tienes preguntas o necesitas informaci\u00f3n sobre nuestros productos, cont\u00e1ctanos. Tel\u00e9fono: +1 (801) 432-0581Correo electr\u00f3nico: mariachiguzman88@gmail.com\" \/>\n<meta property=\"og:url\" content=\"https:\/\/mariachiguzman.com\/en\/contacto\/\" \/>\n<meta property=\"og:site_name\" content=\"Mariachi Guzm\u00e1n | Salt Lake City Utah\" \/>\n<meta property=\"article:modified_time\" content=\"2024-10-11T18:41:43+00:00\" \/>\n<meta property=\"og:image\" content=\"https:\/\/mariachiguzman.com\/wp-content\/uploads\/2024\/08\/maxresdefault.jpg\" \/>\n\t<meta property=\"og:image:width\" content=\"1280\" \/>\n\t<meta property=\"og:image:height\" content=\"720\" \/>\n\t<meta property=\"og:image:type\" content=\"image\/jpeg\" \/>\n<meta name=\"twitter:card\" content=\"summary_large_image\" \/>\n<meta name=\"twitter:label1\" content=\"Est. reading time\" \/>\n\t<meta name=\"twitter:data1\" content=\"1 minute\" \/>\n<script type=\"application\/ld+json\" class=\"yoast-schema-graph\">{\"@context\":\"https:\\\/\\\/schema.org\",\"@graph\":[{\"@type\":\"WebPage\",\"@id\":\"https:\\\/\\\/mariachiguzman.com\\\/contacto\\\/\",\"url\":\"https:\\\/\\\/mariachiguzman.com\\\/contacto\\\/\",\"name\":\"Contacto - Mariachi Guzm\u00e1n | Salt Lake City Utah\",\"isPartOf\":{\"@id\":\"https:\\\/\\\/mariachiguzman.com\\\/#website\"},\"datePublished\":\"2024-10-11T17:10:53+00:00\",\"dateModified\":\"2024-10-11T18:41:43+00:00\",\"breadcrumb\":{\"@id\":\"https:\\\/\\\/mariachiguzman.com\\\/contacto\\\/#breadcrumb\"},\"inLanguage\":\"en-US\",\"potentialAction\":[{\"@type\":\"ReadAction\",\"target\":[\"https:\\\/\\\/mariachiguzman.com\\\/contacto\\\/\"]}]},{\"@type\":\"BreadcrumbList\",\"@id\":\"https:\\\/\\\/mariachiguzman.com\\\/contacto\\\/#breadcrumb\",\"itemListElement\":[{\"@type\":\"ListItem\",\"position\":1,\"name\":\"Home\",\"item\":\"https:\\\/\\\/mariachiguzman.com\\\/\"},{\"@type\":\"ListItem\",\"position\":2,\"name\":\"Contacto\"}]},{\"@type\":\"WebSite\",\"@id\":\"https:\\\/\\\/mariachiguzman.com\\\/#website\",\"url\":\"https:\\\/\\\/mariachiguzman.com\\\/\",\"name\":\"\u1405 Mariachis en Salt Lake City Utah \u2192 Mejor Mariachi Utah | Mariachi Guzm\u00e1n\",\"description\":\"Mariachi de Confianza en Salt Lake City Utah. Ofrecemos Serenatas en Utah 100% Mexicanas. Reservas\u260e\ufe0f (801)432-0581\",\"publisher\":{\"@id\":\"https:\\\/\\\/mariachiguzman.com\\\/#organization\"},\"potentialAction\":[{\"@type\":\"SearchAction\",\"target\":{\"@type\":\"EntryPoint\",\"urlTemplate\":\"https:\\\/\\\/mariachiguzman.com\\\/?s={search_term_string}\"},\"query-input\":{\"@type\":\"PropertyValueSpecification\",\"valueRequired\":true,\"valueName\":\"search_term_string\"}}],\"inLanguage\":\"en-US\"},{\"@type\":\"Organization\",\"@id\":\"https:\\\/\\\/mariachiguzman.com\\\/#organization\",\"name\":\"\u1405 Mariachis en Salt Lake City Utah\",\"url\":\"https:\\\/\\\/mariachiguzman.com\\\/\",\"logo\":{\"@type\":\"ImageObject\",\"inLanguage\":\"en-US\",\"@id\":\"https:\\\/\\\/mariachiguzman.com\\\/#\\\/schema\\\/logo\\\/image\\\/\",\"url\":\"https:\\\/\\\/mariachiguzman.com\\\/wp-content\\\/uploads\\\/2024\\\/07\\\/logo-negro-.png\",\"contentUrl\":\"https:\\\/\\\/mariachiguzman.com\\\/wp-content\\\/uploads\\\/2024\\\/07\\\/logo-negro-.png\",\"width\":3495,\"height\":1292,\"caption\":\"\u1405 Mariachis en Salt Lake City Utah\"},\"image\":{\"@id\":\"https:\\\/\\\/mariachiguzman.com\\\/#\\\/schema\\\/logo\\\/image\\\/\"},\"sameAs\":[\"https:\\\/\\\/www.instagram.com\\\/mariachiguzman\\\/\",\"https:\\\/\\\/www.youtube.com\\\/channel\\\/UC37HBVAOthOdxqeJ9OUCdMA\"]}]}<\/script>\n<!-- \/ Yoast SEO plugin. -->","yoast_head_json":{"title":"Contacto - Mariachi Guzm\u00e1n | Salt Lake City Utah","robots":{"index":"index","follow":"follow","max-snippet":"max-snippet:-1","max-image-preview":"max-image-preview:large","max-video-preview":"max-video-preview:-1"},"canonical":"https:\/\/mariachiguzman.com\/en\/contacto\/","og_locale":"en_US","og_type":"article","og_title":"Contacto - Mariachi Guzm\u00e1n | Salt Lake City Utah","og_description":"Contacto \u00a1Queremos saber de ti! Si tienes preguntas o necesitas informaci\u00f3n sobre nuestros productos, cont\u00e1ctanos. Tel\u00e9fono: +1 (801) 432-0581Correo electr\u00f3nico: mariachiguzman88@gmail.com","og_url":"https:\/\/mariachiguzman.com\/en\/contacto\/","og_site_name":"Mariachi Guzm\u00e1n | Salt Lake City Utah","article_modified_time":"2024-10-11T18:41:43+00:00","og_image":[{"width":1280,"height":720,"url":"https:\/\/mariachiguzman.com\/wp-content\/uploads\/2024\/08\/maxresdefault.jpg","type":"image\/jpeg"}],"twitter_card":"summary_large_image","twitter_misc":{"Est. reading time":"1 minute"},"schema":{"@context":"https:\/\/schema.org","@graph":[{"@type":"WebPage","@id":"https:\/\/mariachiguzman.com\/contacto\/","url":"https:\/\/mariachiguzman.com\/contacto\/","name":"Contacto - Mariachi Guzm\u00e1n | Salt Lake City Utah","isPartOf":{"@id":"https:\/\/mariachiguzman.com\/#website"},"datePublished":"2024-10-11T17:10:53+00:00","dateModified":"2024-10-11T18:41:43+00:00","breadcrumb":{"@id":"https:\/\/mariachiguzman.com\/contacto\/#breadcrumb"},"inLanguage":"en-US","potentialAction":[{"@type":"ReadAction","target":["https:\/\/mariachiguzman.com\/contacto\/"]}]},{"@type":"BreadcrumbList","@id":"https:\/\/mariachiguzman.com\/contacto\/#breadcrumb","itemListElement":[{"@type":"ListItem","position":1,"name":"Home","item":"https:\/\/mariachiguzman.com\/"},{"@type":"ListItem","position":2,"name":"Contacto"}]},{"@type":"WebSite","@id":"https:\/\/mariachiguzman.com\/#website","url":"https:\/\/mariachiguzman.com\/","name":"\u1405 Mariachis en Salt Lake City Utah \u2192 Mejor Mariachi Utah | Mariachi Guzm\u00e1n","description":"Mariachi de Confianza en Salt Lake City Utah. Ofrecemos Serenatas en Utah 100% Mexicanas. Reservas\u260e\ufe0f (801)432-0581","publisher":{"@id":"https:\/\/mariachiguzman.com\/#organization"},"potentialAction":[{"@type":"SearchAction","target":{"@type":"EntryPoint","urlTemplate":"https:\/\/mariachiguzman.com\/?s={search_term_string}"},"query-input":{"@type":"PropertyValueSpecification","valueRequired":true,"valueName":"search_term_string"}}],"inLanguage":"en-US"},{"@type":"Organization","@id":"https:\/\/mariachiguzman.com\/#organization","name":"\u1405 Mariachis en Salt Lake City Utah","url":"https:\/\/mariachiguzman.com\/","logo":{"@type":"ImageObject","inLanguage":"en-US","@id":"https:\/\/mariachiguzman.com\/#\/schema\/logo\/image\/","url":"https:\/\/mariachiguzman.com\/wp-content\/uploads\/2024\/07\/logo-negro-.png","contentUrl":"https:\/\/mariachiguzman.com\/wp-content\/uploads\/2024\/07\/logo-negro-.png","width":3495,"height":1292,"caption":"\u1405 Mariachis en Salt Lake City Utah"},"image":{"@id":"https:\/\/mariachiguzman.com\/#\/schema\/logo\/image\/"},"sameAs":["https:\/\/www.instagram.com\/mariachiguzman\/","https:\/\/www.youtube.com\/channel\/UC37HBVAOthOdxqeJ9OUCdMA"]}]}},"_links":{"self":[{"href":"https:\/\/mariachiguzman.com\/en\/wp-json\/wp\/v2\/pages\/720","targetHints":{"allow":["GET"]}}],"collection":[{"href":"https:\/\/mariachiguzman.com\/en\/wp-json\/wp\/v2\/pages"}],"about":[{"href":"https:\/\/mariachiguzman.com\/en\/wp-json\/wp\/v2\/types\/page"}],"author":[{"embeddable":true,"href":"https:\/\/mariachiguzman.com\/en\/wp-json\/wp\/v2\/users\/1"}],"replies":[{"embeddable":true,"href":"https:\/\/mariachiguzman.com\/en\/wp-json\/wp\/v2\/comments?post=720"}],"version-history":[{"count":46,"href":"https:\/\/mariachiguzman.com\/en\/wp-json\/wp\/v2\/pages\/720\/revisions"}],"predecessor-version":[{"id":792,"href":"https:\/\/mariachiguzman.com\/en\/wp-json\/wp\/v2\/pages\/720\/revisions\/792"}],"wp:attachment":[{"href":"https:\/\/mariachiguzman.com\/en\/wp-json\/wp\/v2\/media?parent=720"}],"curies":[{"name":"wp","href":"https:\/\/api.w.org\/{rel}","templated":true}]}}